{"id":916,"date":"2023-12-13T17:39:03","date_gmt":"2023-12-13T17:39:03","guid":{"rendered":"https:\/\/brasseursdupont.com\/?page_id=916"},"modified":"2024-01-15T16:15:38","modified_gmt":"2024-01-15T16:15:38","slug":"how-to-find-us","status":"publish","type":"page","link":"https:\/\/brasseursdupont.com\/fr\/how-to-find-us\/","title":{"rendered":"Comment trouver ..."},"content":{"rendered":"<p class=\"\">Nous sommes situ\u00e9s le long du pont de Siorac en P\u00e9rigord. Que vous veniez de l'un ou l'autre c\u00f4t\u00e9, vous ne pouvez pas nous manquer ! <\/p>\n\n\n\n<div class=\"wp-block-columns is-layout-flex wp-container-core-columns-is-layout-28f84493 wp-block-columns-is-layout-flex\">\n<div class=\"wp-block-column is-layout-flow wp-block-column-is-layout-flow\">\n<h3 class=\"wp-block-heading\">Vous arrivez en voiture ? <\/h3>\n\n\n\n<p class=\"\">Nous disposons d'un parking derri\u00e8re notre b\u00e2timent principal, auquel on acc\u00e8de par la rue du Port. Le stationnement est gratuit, et si jamais vous manquez de place, nous avons le parking du village en face de nous qui a toujours beaucoup de places.<\/p>\n<\/div>\n\n\n\n<div class=\"wp-block-column is-layout-flow wp-block-column-is-layout-flow\">\n<figure class=\"wp-block-image size-full\"><img loading=\"lazy\" decoding=\"async\" width=\"634\" height=\"898\" src=\"https:\/\/brasseursdupont.com\/wp-content\/uploads\/2023\/12\/Screenshot-2023-07-09-at-15.10.10.png\" alt=\"\" class=\"wp-image-917\" srcset=\"https:\/\/brasseursdupont.com\/wp-content\/uploads\/2023\/12\/Screenshot-2023-07-09-at-15.10.10.png 634w, https:\/\/brasseursdupont.com\/wp-content\/uploads\/2023\/12\/Screenshot-2023-07-09-at-15.10.10-420x595.png 420w, https:\/\/brasseursdupont.com\/wp-content\/uploads\/2023\/12\/Screenshot-2023-07-09-at-15.10.10-212x300.png 212w, https:\/\/brasseursdupont.com\/wp-content\/uploads\/2023\/12\/Screenshot-2023-07-09-at-15.10.10-8x12.png 8w, https:\/\/brasseursdupont.com\/wp-content\/uploads\/2023\/12\/Screenshot-2023-07-09-at-15.10.10-230x326.png 230w, https:\/\/brasseursdupont.com\/wp-content\/uploads\/2023\/12\/Screenshot-2023-07-09-at-15.10.10-350x496.png 350w, https:\/\/brasseursdupont.com\/wp-content\/uploads\/2023\/12\/Screenshot-2023-07-09-at-15.10.10-480x680.png 480w\" sizes=\"auto, (max-width: 634px) 100vw, 634px\" \/><\/figure>\n<\/div>\n<\/div>\n\n\n\n<h3 class=\"wp-block-heading\">Travelling by train? <\/h3>\n\n\n\n<p class=\"\">We&#8217;re well connected to trains, serving Sarlat, Bordeaux, plenty of beautiful nearby and far towns and villages to explore. <\/p>\n\n\n\n<p class=\"\">Latest timetable and routes can be accessed via <a href=\"https:\/\/www.sncf.com\/en\/stations\/siorac-en-perigord\/OCE87595769\/departures-arrivals\/gl\/departures\">SNCF<\/a><\/p>\n\n\n\n<h3 class=\"wp-block-heading\">Nearby airports &#8230; <\/h3>\n\n\n\n<p class=\"\">We&#8217;re well located for various nearby airports. Our nearest is Bergerac, but plenty of other options &#8230;<\/p>\n\n\n\n<ul class=\"wp-block-list\">\n<li class=\"\">Bergerac airport &#8211; 45 minute drive, approx 45km<\/li>\n<\/ul>\n\n\n\n<ul class=\"wp-block-list\">\n<li class=\"\">Brive airport &#8211; 1hr 10 minute drive, approx 60km<\/li>\n<\/ul>\n\n\n\n<ul class=\"wp-block-list\">\n<li class=\"\">Bordeaux airport &#8211; 2hr 10 minute drive, approx 200km<\/li>\n<\/ul>","protected":false},"excerpt":{"rendered":"<p>You&#8217;ll find us alongside the bridge in Siorac en Perigord. Approaching from either direction, you can\u2019t miss us! Arriving by car? We [&hellip;]<\/p>\n","protected":false},"author":1,"featured_media":0,"parent":0,"menu_order":0,"comment_status":"closed","ping_status":"closed","template":"","meta":{"nf_dc_page":"","_uf_show_specific_survey":0,"_uf_disable_surveys":false,"footnotes":""},"class_list":["post-916","page","type-page","status-publish","hentry"],"_links":{"self":[{"href":"https:\/\/brasseursdupont.com\/fr\/wp-json\/wp\/v2\/pages\/916","targetHints":{"allow":["GET"]}}],"collection":[{"href":"https:\/\/brasseursdupont.com\/fr\/wp-json\/wp\/v2\/pages"}],"about":[{"href":"https:\/\/brasseursdupont.com\/fr\/wp-json\/wp\/v2\/types\/page"}],"author":[{"embeddable":true,"href":"https:\/\/brasseursdupont.com\/fr\/wp-json\/wp\/v2\/users\/1"}],"replies":[{"embeddable":true,"href":"https:\/\/brasseursdupont.com\/fr\/wp-json\/wp\/v2\/comments?post=916"}],"version-history":[{"count":3,"href":"https:\/\/brasseursdupont.com\/fr\/wp-json\/wp\/v2\/pages\/916\/revisions"}],"predecessor-version":[{"id":1802,"href":"https:\/\/brasseursdupont.com\/fr\/wp-json\/wp\/v2\/pages\/916\/revisions\/1802"}],"wp:attachment":[{"href":"https:\/\/brasseursdupont.com\/fr\/wp-json\/wp\/v2\/media?parent=916"}],"curies":[{"name":"wp","href":"https:\/\/api.w.org\/{rel}","templated":true}]}}