{"id":2390,"date":"2024-08-07T13:56:40","date_gmt":"2024-08-07T13:56:40","guid":{"rendered":"https:\/\/brasseursdupont.com\/?page_id=2390"},"modified":"2025-11-02T11:44:16","modified_gmt":"2025-11-02T11:44:16","slug":"meet-our-beers","status":"publish","type":"page","link":"https:\/\/brasseursdupont.com\/en\/meet-our-beers\/","title":{"rendered":"Meet our beers &#8230;"},"content":{"rendered":"\n<p class=\"\">Uniquely brewed on site, we offer a broad selection of small batch beers. Brewing what inspires us, from New England IPAs, to Stouts (finished with coffee and cream) to Red Amber Porters &#8230; all perfectly paired with our menu!<\/p>\n\n\n\n<p class=\"\">Meet the family &#8230;<\/p>\n\n\n\n<h2 class=\"wp-block-heading\"><strong>BdP Lazy Days Summer Ale<\/strong><\/h2>\n\n\n\n<p class=\"\">Une bi\u00e8re blonde nonchalante et rafra\u00eechissante \/ Easy drinking, light summer pale ale<\/p>\n\n\n\n<figure class=\"wp-block-gallery has-nested-images columns-default is-cropped wp-block-gallery-1 is-layout-flex wp-block-gallery-is-layout-flex\">\n<figure class=\"wp-block-image size-large\"><img loading=\"lazy\" decoding=\"async\" width=\"832\" height=\"800\" data-id=\"3137\" src=\"https:\/\/brasseursdupont.com\/wp-content\/uploads\/2025\/10\/Screenshot-2025-10-28-at-17.36.31.png\" alt=\"\" class=\"wp-image-3137\" srcset=\"https:\/\/brasseursdupont.com\/wp-content\/uploads\/2025\/10\/Screenshot-2025-10-28-at-17.36.31.png 832w, https:\/\/brasseursdupont.com\/wp-content\/uploads\/2025\/10\/Screenshot-2025-10-28-at-17.36.31-300x288.png 300w, https:\/\/brasseursdupont.com\/wp-content\/uploads\/2025\/10\/Screenshot-2025-10-28-at-17.36.31-768x738.png 768w, https:\/\/brasseursdupont.com\/wp-content\/uploads\/2025\/10\/Screenshot-2025-10-28-at-17.36.31-12x12.png 12w, https:\/\/brasseursdupont.com\/wp-content\/uploads\/2025\/10\/Screenshot-2025-10-28-at-17.36.31-230x221.png 230w, https:\/\/brasseursdupont.com\/wp-content\/uploads\/2025\/10\/Screenshot-2025-10-28-at-17.36.31-350x337.png 350w, https:\/\/brasseursdupont.com\/wp-content\/uploads\/2025\/10\/Screenshot-2025-10-28-at-17.36.31-480x462.png 480w, https:\/\/brasseursdupont.com\/wp-content\/uploads\/2025\/10\/Screenshot-2025-10-28-at-17.36.31-420x404.png 420w, https:\/\/brasseursdupont.com\/wp-content\/uploads\/2025\/10\/Screenshot-2025-10-28-at-17.36.31-800x769.png 800w\" sizes=\"auto, (max-width: 832px) 100vw, 832px\" \/><\/figure>\n\n\n\n<figure class=\"wp-block-image size-large\"><img loading=\"lazy\" decoding=\"async\" width=\"560\" height=\"618\" data-id=\"3138\" src=\"https:\/\/brasseursdupont.com\/wp-content\/uploads\/2025\/10\/Screenshot-2025-10-28-at-17.37.20.png\" alt=\"\" class=\"wp-image-3138\" srcset=\"https:\/\/brasseursdupont.com\/wp-content\/uploads\/2025\/10\/Screenshot-2025-10-28-at-17.37.20.png 560w, https:\/\/brasseursdupont.com\/wp-content\/uploads\/2025\/10\/Screenshot-2025-10-28-at-17.37.20-272x300.png 272w, https:\/\/brasseursdupont.com\/wp-content\/uploads\/2025\/10\/Screenshot-2025-10-28-at-17.37.20-11x12.png 11w, https:\/\/brasseursdupont.com\/wp-content\/uploads\/2025\/10\/Screenshot-2025-10-28-at-17.37.20-230x254.png 230w, https:\/\/brasseursdupont.com\/wp-content\/uploads\/2025\/10\/Screenshot-2025-10-28-at-17.37.20-350x386.png 350w, https:\/\/brasseursdupont.com\/wp-content\/uploads\/2025\/10\/Screenshot-2025-10-28-at-17.37.20-480x530.png 480w, https:\/\/brasseursdupont.com\/wp-content\/uploads\/2025\/10\/Screenshot-2025-10-28-at-17.37.20-420x464.png 420w\" sizes=\"auto, (max-width: 560px) 100vw, 560px\" \/><\/figure>\n\n\n\n<figure class=\"wp-block-image size-large\"><img loading=\"lazy\" decoding=\"async\" width=\"768\" height=\"1024\" data-id=\"3139\" src=\"https:\/\/brasseursdupont.com\/wp-content\/uploads\/2025\/10\/IMG_1062-768x1024.jpeg\" alt=\"\" class=\"wp-image-3139\" srcset=\"https:\/\/brasseursdupont.com\/wp-content\/uploads\/2025\/10\/IMG_1062-768x1024.jpeg 768w, https:\/\/brasseursdupont.com\/wp-content\/uploads\/2025\/10\/IMG_1062-225x300.jpeg 225w, https:\/\/brasseursdupont.com\/wp-content\/uploads\/2025\/10\/IMG_1062-1152x1536.jpeg 1152w, https:\/\/brasseursdupont.com\/wp-content\/uploads\/2025\/10\/IMG_1062-1536x2048.jpeg 1536w, https:\/\/brasseursdupont.com\/wp-content\/uploads\/2025\/10\/IMG_1062-9x12.jpeg 9w, https:\/\/brasseursdupont.com\/wp-content\/uploads\/2025\/10\/IMG_1062-1000x1333.jpeg 1000w, https:\/\/brasseursdupont.com\/wp-content\/uploads\/2025\/10\/IMG_1062-230x307.jpeg 230w, https:\/\/brasseursdupont.com\/wp-content\/uploads\/2025\/10\/IMG_1062-350x467.jpeg 350w, https:\/\/brasseursdupont.com\/wp-content\/uploads\/2025\/10\/IMG_1062-480x640.jpeg 480w, https:\/\/brasseursdupont.com\/wp-content\/uploads\/2025\/10\/IMG_1062-420x560.jpeg 420w, https:\/\/brasseursdupont.com\/wp-content\/uploads\/2025\/10\/IMG_1062-800x1067.jpeg 800w, https:\/\/brasseursdupont.com\/wp-content\/uploads\/2025\/10\/IMG_1062-scaled.jpeg 1920w\" sizes=\"auto, (max-width: 768px) 100vw, 768px\" \/><\/figure>\n<\/figure>\n\n\n\n<h2 class=\"wp-block-heading\"><strong><strong>BdP &#8216;Caf\u00e9 et Creme&#8217; Stout<\/strong><\/strong><\/h2>\n\n\n\n<p class=\"\">Notes de chocolat noir, infus\u00e9 avec du caf\u00e9 \/ Dark chocolate notes, brewed with&nbsp;&nbsp;coffee for a smooth rounded stout, like no other!<\/p>\n\n\n\n<figure class=\"wp-block-gallery has-nested-images columns-default is-cropped wp-block-gallery-2 is-layout-flex wp-block-gallery-is-layout-flex\">\n<figure class=\"wp-block-image size-full\"><img loading=\"lazy\" decoding=\"async\" width=\"756\" height=\"856\" data-id=\"3161\" src=\"https:\/\/brasseursdupont.com\/wp-content\/uploads\/2025\/11\/Screenshot-2025-11-02-at-12.42.55.png\" alt=\"\" class=\"wp-image-3161\" srcset=\"https:\/\/brasseursdupont.com\/wp-content\/uploads\/2025\/11\/Screenshot-2025-11-02-at-12.42.55.png 756w, https:\/\/brasseursdupont.com\/wp-content\/uploads\/2025\/11\/Screenshot-2025-11-02-at-12.42.55-265x300.png 265w, https:\/\/brasseursdupont.com\/wp-content\/uploads\/2025\/11\/Screenshot-2025-11-02-at-12.42.55-11x12.png 11w, https:\/\/brasseursdupont.com\/wp-content\/uploads\/2025\/11\/Screenshot-2025-11-02-at-12.42.55-230x260.png 230w, https:\/\/brasseursdupont.com\/wp-content\/uploads\/2025\/11\/Screenshot-2025-11-02-at-12.42.55-350x396.png 350w, https:\/\/brasseursdupont.com\/wp-content\/uploads\/2025\/11\/Screenshot-2025-11-02-at-12.42.55-480x543.png 480w, https:\/\/brasseursdupont.com\/wp-content\/uploads\/2025\/11\/Screenshot-2025-11-02-at-12.42.55-420x476.png 420w\" sizes=\"auto, (max-width: 756px) 100vw, 756px\" \/><\/figure>\n\n\n\n<figure class=\"wp-block-image size-large\"><img loading=\"lazy\" decoding=\"async\" width=\"560\" height=\"618\" data-id=\"3140\" src=\"https:\/\/brasseursdupont.com\/wp-content\/uploads\/2025\/10\/Screenshot-2025-10-28-at-17.42.49.png\" alt=\"\" class=\"wp-image-3140\" srcset=\"https:\/\/brasseursdupont.com\/wp-content\/uploads\/2025\/10\/Screenshot-2025-10-28-at-17.42.49.png 560w, https:\/\/brasseursdupont.com\/wp-content\/uploads\/2025\/10\/Screenshot-2025-10-28-at-17.42.49-272x300.png 272w, https:\/\/brasseursdupont.com\/wp-content\/uploads\/2025\/10\/Screenshot-2025-10-28-at-17.42.49-11x12.png 11w, https:\/\/brasseursdupont.com\/wp-content\/uploads\/2025\/10\/Screenshot-2025-10-28-at-17.42.49-230x254.png 230w, https:\/\/brasseursdupont.com\/wp-content\/uploads\/2025\/10\/Screenshot-2025-10-28-at-17.42.49-350x386.png 350w, https:\/\/brasseursdupont.com\/wp-content\/uploads\/2025\/10\/Screenshot-2025-10-28-at-17.42.49-480x530.png 480w, https:\/\/brasseursdupont.com\/wp-content\/uploads\/2025\/10\/Screenshot-2025-10-28-at-17.42.49-420x464.png 420w\" sizes=\"auto, (max-width: 560px) 100vw, 560px\" \/><\/figure>\n\n\n\n<figure class=\"wp-block-image size-large\"><img loading=\"lazy\" decoding=\"async\" width=\"768\" height=\"1024\" data-id=\"3139\" src=\"https:\/\/brasseursdupont.com\/wp-content\/uploads\/2025\/10\/IMG_1062-768x1024.jpeg\" alt=\"\" class=\"wp-image-3139\" srcset=\"https:\/\/brasseursdupont.com\/wp-content\/uploads\/2025\/10\/IMG_1062-768x1024.jpeg 768w, https:\/\/brasseursdupont.com\/wp-content\/uploads\/2025\/10\/IMG_1062-225x300.jpeg 225w, https:\/\/brasseursdupont.com\/wp-content\/uploads\/2025\/10\/IMG_1062-1152x1536.jpeg 1152w, https:\/\/brasseursdupont.com\/wp-content\/uploads\/2025\/10\/IMG_1062-1536x2048.jpeg 1536w, https:\/\/brasseursdupont.com\/wp-content\/uploads\/2025\/10\/IMG_1062-9x12.jpeg 9w, https:\/\/brasseursdupont.com\/wp-content\/uploads\/2025\/10\/IMG_1062-1000x1333.jpeg 1000w, https:\/\/brasseursdupont.com\/wp-content\/uploads\/2025\/10\/IMG_1062-230x307.jpeg 230w, https:\/\/brasseursdupont.com\/wp-content\/uploads\/2025\/10\/IMG_1062-350x467.jpeg 350w, https:\/\/brasseursdupont.com\/wp-content\/uploads\/2025\/10\/IMG_1062-480x640.jpeg 480w, https:\/\/brasseursdupont.com\/wp-content\/uploads\/2025\/10\/IMG_1062-420x560.jpeg 420w, https:\/\/brasseursdupont.com\/wp-content\/uploads\/2025\/10\/IMG_1062-800x1067.jpeg 800w, https:\/\/brasseursdupont.com\/wp-content\/uploads\/2025\/10\/IMG_1062-scaled.jpeg 1920w\" sizes=\"auto, (max-width: 768px) 100vw, 768px\" \/><\/figure>\n<\/figure>\n\n\n\n<h2 class=\"wp-block-heading\"><strong><strong>BdP Madame Rouge Amber Ale<\/strong><\/strong><\/h2>\n\n\n\n<p class=\"\">Riche en couleur, malt\u00e9 avec une finale de caramel sec \/ Rich in colour, delicate in flavour, malty with a dry caramel finish<\/p>\n\n\n\n<figure class=\"wp-block-gallery has-nested-images columns-default is-cropped wp-block-gallery-3 is-layout-flex wp-block-gallery-is-layout-flex\">\n<figure class=\"wp-block-image size-large\"><img loading=\"lazy\" decoding=\"async\" width=\"804\" height=\"790\" data-id=\"3142\" src=\"https:\/\/brasseursdupont.com\/wp-content\/uploads\/2025\/10\/Screenshot-2025-10-28-at-17.47.56.png\" alt=\"\" class=\"wp-image-3142\" srcset=\"https:\/\/brasseursdupont.com\/wp-content\/uploads\/2025\/10\/Screenshot-2025-10-28-at-17.47.56.png 804w, https:\/\/brasseursdupont.com\/wp-content\/uploads\/2025\/10\/Screenshot-2025-10-28-at-17.47.56-300x295.png 300w, https:\/\/brasseursdupont.com\/wp-content\/uploads\/2025\/10\/Screenshot-2025-10-28-at-17.47.56-768x755.png 768w, https:\/\/brasseursdupont.com\/wp-content\/uploads\/2025\/10\/Screenshot-2025-10-28-at-17.47.56-12x12.png 12w, https:\/\/brasseursdupont.com\/wp-content\/uploads\/2025\/10\/Screenshot-2025-10-28-at-17.47.56-230x226.png 230w, https:\/\/brasseursdupont.com\/wp-content\/uploads\/2025\/10\/Screenshot-2025-10-28-at-17.47.56-350x344.png 350w, https:\/\/brasseursdupont.com\/wp-content\/uploads\/2025\/10\/Screenshot-2025-10-28-at-17.47.56-480x472.png 480w, https:\/\/brasseursdupont.com\/wp-content\/uploads\/2025\/10\/Screenshot-2025-10-28-at-17.47.56-420x413.png 420w, https:\/\/brasseursdupont.com\/wp-content\/uploads\/2025\/10\/Screenshot-2025-10-28-at-17.47.56-800x786.png 800w\" sizes=\"auto, (max-width: 804px) 100vw, 804px\" \/><\/figure>\n\n\n\n<figure class=\"wp-block-image size-large\"><img loading=\"lazy\" decoding=\"async\" width=\"580\" height=\"580\" data-id=\"3143\" src=\"https:\/\/brasseursdupont.com\/wp-content\/uploads\/2025\/10\/Screenshot-2025-10-28-at-17.48.25.png\" alt=\"\" class=\"wp-image-3143\" srcset=\"https:\/\/brasseursdupont.com\/wp-content\/uploads\/2025\/10\/Screenshot-2025-10-28-at-17.48.25.png 580w, https:\/\/brasseursdupont.com\/wp-content\/uploads\/2025\/10\/Screenshot-2025-10-28-at-17.48.25-300x300.png 300w, https:\/\/brasseursdupont.com\/wp-content\/uploads\/2025\/10\/Screenshot-2025-10-28-at-17.48.25-150x150.png 150w, https:\/\/brasseursdupont.com\/wp-content\/uploads\/2025\/10\/Screenshot-2025-10-28-at-17.48.25-12x12.png 12w, https:\/\/brasseursdupont.com\/wp-content\/uploads\/2025\/10\/Screenshot-2025-10-28-at-17.48.25-230x230.png 230w, https:\/\/brasseursdupont.com\/wp-content\/uploads\/2025\/10\/Screenshot-2025-10-28-at-17.48.25-350x350.png 350w, https:\/\/brasseursdupont.com\/wp-content\/uploads\/2025\/10\/Screenshot-2025-10-28-at-17.48.25-480x480.png 480w, https:\/\/brasseursdupont.com\/wp-content\/uploads\/2025\/10\/Screenshot-2025-10-28-at-17.48.25-420x420.png 420w, https:\/\/brasseursdupont.com\/wp-content\/uploads\/2025\/10\/Screenshot-2025-10-28-at-17.48.25-100x100.png 100w\" sizes=\"auto, (max-width: 580px) 100vw, 580px\" \/><\/figure>\n\n\n\n<figure class=\"wp-block-image size-large\"><img loading=\"lazy\" decoding=\"async\" width=\"1024\" height=\"576\" data-id=\"1586\" src=\"https:\/\/brasseursdupont.com\/wp-content\/uploads\/2024\/01\/cropped-IMG_8919-scaled-1-1024x576.jpeg\" alt=\"\" class=\"wp-image-1586\" srcset=\"https:\/\/brasseursdupont.com\/wp-content\/uploads\/2024\/01\/cropped-IMG_8919-scaled-1-1024x576.jpeg 1024w, https:\/\/brasseursdupont.com\/wp-content\/uploads\/2024\/01\/cropped-IMG_8919-scaled-1-420x236.jpeg 420w, https:\/\/brasseursdupont.com\/wp-content\/uploads\/2024\/01\/cropped-IMG_8919-scaled-1-800x450.jpeg 800w, https:\/\/brasseursdupont.com\/wp-content\/uploads\/2024\/01\/cropped-IMG_8919-scaled-1-300x169.jpeg 300w, https:\/\/brasseursdupont.com\/wp-content\/uploads\/2024\/01\/cropped-IMG_8919-scaled-1-768x432.jpeg 768w, https:\/\/brasseursdupont.com\/wp-content\/uploads\/2024\/01\/cropped-IMG_8919-scaled-1-1536x864.jpeg 1536w, https:\/\/brasseursdupont.com\/wp-content\/uploads\/2024\/01\/cropped-IMG_8919-scaled-1-18x10.jpeg 18w, https:\/\/brasseursdupont.com\/wp-content\/uploads\/2024\/01\/cropped-IMG_8919-scaled-1-1000x563.jpeg 1000w, https:\/\/brasseursdupont.com\/wp-content\/uploads\/2024\/01\/cropped-IMG_8919-scaled-1-230x129.jpeg 230w, https:\/\/brasseursdupont.com\/wp-content\/uploads\/2024\/01\/cropped-IMG_8919-scaled-1-350x197.jpeg 350w, https:\/\/brasseursdupont.com\/wp-content\/uploads\/2024\/01\/cropped-IMG_8919-scaled-1-480x270.jpeg 480w, https:\/\/brasseursdupont.com\/wp-content\/uploads\/2024\/01\/cropped-IMG_8919-scaled-1.jpeg 1920w\" sizes=\"auto, (max-width: 1024px) 100vw, 1024px\" \/><\/figure>\n<\/figure>\n\n\n\n<h2 class=\"wp-block-heading\"><strong><strong><strong>BdP NEIPA \/ New England IPA<\/strong><\/strong><\/strong><\/h2>\n\n\n\n<p class=\"\">IPA rafra\u00eechissante, ar\u00f4mes zest\u00e9s d&#8217;agrumes \/ Fruity IPA, refreshing with zesty citrus and a smooth finish<\/p>\n\n\n\n<figure class=\"wp-block-gallery has-nested-images columns-default is-cropped wp-block-gallery-4 is-layout-flex wp-block-gallery-is-layout-flex\">\n<figure class=\"wp-block-image size-large\"><img loading=\"lazy\" decoding=\"async\" width=\"766\" height=\"806\" data-id=\"3145\" src=\"https:\/\/brasseursdupont.com\/wp-content\/uploads\/2025\/10\/Screenshot-2025-10-28-at-17.49.34.png\" alt=\"\" class=\"wp-image-3145\" srcset=\"https:\/\/brasseursdupont.com\/wp-content\/uploads\/2025\/10\/Screenshot-2025-10-28-at-17.49.34.png 766w, https:\/\/brasseursdupont.com\/wp-content\/uploads\/2025\/10\/Screenshot-2025-10-28-at-17.49.34-285x300.png 285w, https:\/\/brasseursdupont.com\/wp-content\/uploads\/2025\/10\/Screenshot-2025-10-28-at-17.49.34-11x12.png 11w, https:\/\/brasseursdupont.com\/wp-content\/uploads\/2025\/10\/Screenshot-2025-10-28-at-17.49.34-230x242.png 230w, https:\/\/brasseursdupont.com\/wp-content\/uploads\/2025\/10\/Screenshot-2025-10-28-at-17.49.34-350x368.png 350w, https:\/\/brasseursdupont.com\/wp-content\/uploads\/2025\/10\/Screenshot-2025-10-28-at-17.49.34-480x505.png 480w, https:\/\/brasseursdupont.com\/wp-content\/uploads\/2025\/10\/Screenshot-2025-10-28-at-17.49.34-420x442.png 420w\" sizes=\"auto, (max-width: 766px) 100vw, 766px\" \/><\/figure>\n\n\n\n<figure class=\"wp-block-image size-large\"><img loading=\"lazy\" decoding=\"async\" width=\"580\" height=\"580\" data-id=\"3144\" src=\"https:\/\/brasseursdupont.com\/wp-content\/uploads\/2025\/10\/Screenshot-2025-10-28-at-17.49.13.png\" alt=\"\" class=\"wp-image-3144\" srcset=\"https:\/\/brasseursdupont.com\/wp-content\/uploads\/2025\/10\/Screenshot-2025-10-28-at-17.49.13.png 580w, https:\/\/brasseursdupont.com\/wp-content\/uploads\/2025\/10\/Screenshot-2025-10-28-at-17.49.13-300x300.png 300w, https:\/\/brasseursdupont.com\/wp-content\/uploads\/2025\/10\/Screenshot-2025-10-28-at-17.49.13-150x150.png 150w, https:\/\/brasseursdupont.com\/wp-content\/uploads\/2025\/10\/Screenshot-2025-10-28-at-17.49.13-12x12.png 12w, https:\/\/brasseursdupont.com\/wp-content\/uploads\/2025\/10\/Screenshot-2025-10-28-at-17.49.13-230x230.png 230w, https:\/\/brasseursdupont.com\/wp-content\/uploads\/2025\/10\/Screenshot-2025-10-28-at-17.49.13-350x350.png 350w, https:\/\/brasseursdupont.com\/wp-content\/uploads\/2025\/10\/Screenshot-2025-10-28-at-17.49.13-480x480.png 480w, https:\/\/brasseursdupont.com\/wp-content\/uploads\/2025\/10\/Screenshot-2025-10-28-at-17.49.13-420x420.png 420w, https:\/\/brasseursdupont.com\/wp-content\/uploads\/2025\/10\/Screenshot-2025-10-28-at-17.49.13-100x100.png 100w\" sizes=\"auto, (max-width: 580px) 100vw, 580px\" \/><\/figure>\n\n\n\n<figure class=\"wp-block-image size-large\"><img loading=\"lazy\" decoding=\"async\" width=\"1024\" height=\"768\" data-id=\"1544\" src=\"https:\/\/brasseursdupont.com\/wp-content\/uploads\/2024\/01\/IMG_8919-1024x768.jpeg\" alt=\"\" class=\"wp-image-1544\" srcset=\"https:\/\/brasseursdupont.com\/wp-content\/uploads\/2024\/01\/IMG_8919-1024x768.jpeg 1024w, https:\/\/brasseursdupont.com\/wp-content\/uploads\/2024\/01\/IMG_8919-scaled-420x315.jpeg 420w, https:\/\/brasseursdupont.com\/wp-content\/uploads\/2024\/01\/IMG_8919-scaled-800x600.jpeg 800w, https:\/\/brasseursdupont.com\/wp-content\/uploads\/2024\/01\/IMG_8919-300x225.jpeg 300w, https:\/\/brasseursdupont.com\/wp-content\/uploads\/2024\/01\/IMG_8919-768x576.jpeg 768w, https:\/\/brasseursdupont.com\/wp-content\/uploads\/2024\/01\/IMG_8919-1536x1152.jpeg 1536w, https:\/\/brasseursdupont.com\/wp-content\/uploads\/2024\/01\/IMG_8919-2048x1536.jpeg 2048w, https:\/\/brasseursdupont.com\/wp-content\/uploads\/2024\/01\/IMG_8919-16x12.jpeg 16w, https:\/\/brasseursdupont.com\/wp-content\/uploads\/2024\/01\/IMG_8919-1000x750.jpeg 1000w, https:\/\/brasseursdupont.com\/wp-content\/uploads\/2024\/01\/IMG_8919-230x173.jpeg 230w, https:\/\/brasseursdupont.com\/wp-content\/uploads\/2024\/01\/IMG_8919-350x263.jpeg 350w, https:\/\/brasseursdupont.com\/wp-content\/uploads\/2024\/01\/IMG_8919-480x360.jpeg 480w\" sizes=\"auto, (max-width: 1024px) 100vw, 1024px\" \/><\/figure>\n<\/figure>\n\n\n\n<div class=\"alignfull wp-block-group has-global-padding is-content-justification-center is-layout-constrained wp-container-core-group-is-layout-df757ecc wp-block-group-is-layout-constrained\" style=\"margin-top:0;margin-bottom:0;padding-top:calc( 0.5 * var(--wp--style--root--padding-right, var(--wp--custom--gap--horizontal)));padding-right:var(--wp--style--root--padding-right, var(--wp--custom--gap--horizontal));padding-bottom:calc( 0.5 * var(--wp--style--root--padding-right, var(--wp--custom--gap--horizontal)));padding-left:var(--wp--style--root--padding-left, var(--wp--custom--gap--horizontal))\">\n<div style=\"height:calc( 0.25 * var(--wp--style--root--padding-right, var(--wp--custom--gap--horizontal)))\" aria-hidden=\"true\" class=\"wp-block-spacer\"><\/div>\n\n\n\n<div style=\"height:calc( 0.25 * var(--wp--style--root--padding-right, var(--wp--custom--gap--horizontal)))\" aria-hidden=\"true\" class=\"wp-block-spacer\"><\/div>\n<\/div>\n\n\n\n<h2 class=\"wp-block-heading\"><strong><strong>BdP Triple Tipple<\/strong><\/strong><\/h2>\n\n\n\n<p class=\"\">Une bi\u00e8re belge forte et dor\u00e9e, fid\u00e8le au style \/ A strong golden Belgian ale, true to style that has a kick at 7,00%<\/p>\n\n\n\n<figure class=\"wp-block-gallery has-nested-images columns-default is-cropped wp-block-gallery-5 is-layout-flex wp-block-gallery-is-layout-flex\">\n<figure class=\"wp-block-image size-full\"><img loading=\"lazy\" decoding=\"async\" width=\"756\" height=\"856\" data-id=\"3160\" src=\"https:\/\/brasseursdupont.com\/wp-content\/uploads\/2025\/11\/Screenshot-2025-11-02-at-12.42.11.png\" alt=\"\" class=\"wp-image-3160\" srcset=\"https:\/\/brasseursdupont.com\/wp-content\/uploads\/2025\/11\/Screenshot-2025-11-02-at-12.42.11.png 756w, https:\/\/brasseursdupont.com\/wp-content\/uploads\/2025\/11\/Screenshot-2025-11-02-at-12.42.11-265x300.png 265w, https:\/\/brasseursdupont.com\/wp-content\/uploads\/2025\/11\/Screenshot-2025-11-02-at-12.42.11-11x12.png 11w, https:\/\/brasseursdupont.com\/wp-content\/uploads\/2025\/11\/Screenshot-2025-11-02-at-12.42.11-230x260.png 230w, https:\/\/brasseursdupont.com\/wp-content\/uploads\/2025\/11\/Screenshot-2025-11-02-at-12.42.11-350x396.png 350w, https:\/\/brasseursdupont.com\/wp-content\/uploads\/2025\/11\/Screenshot-2025-11-02-at-12.42.11-480x543.png 480w, https:\/\/brasseursdupont.com\/wp-content\/uploads\/2025\/11\/Screenshot-2025-11-02-at-12.42.11-420x476.png 420w\" sizes=\"auto, (max-width: 756px) 100vw, 756px\" \/><\/figure>\n\n\n\n<figure class=\"wp-block-image size-full\"><img loading=\"lazy\" decoding=\"async\" width=\"464\" height=\"498\" data-id=\"3159\" src=\"https:\/\/brasseursdupont.com\/wp-content\/uploads\/2025\/11\/Screenshot-2025-11-02-at-12.41.40.png\" alt=\"\" class=\"wp-image-3159\" srcset=\"https:\/\/brasseursdupont.com\/wp-content\/uploads\/2025\/11\/Screenshot-2025-11-02-at-12.41.40.png 464w, https:\/\/brasseursdupont.com\/wp-content\/uploads\/2025\/11\/Screenshot-2025-11-02-at-12.41.40-280x300.png 280w, https:\/\/brasseursdupont.com\/wp-content\/uploads\/2025\/11\/Screenshot-2025-11-02-at-12.41.40-11x12.png 11w, https:\/\/brasseursdupont.com\/wp-content\/uploads\/2025\/11\/Screenshot-2025-11-02-at-12.41.40-230x247.png 230w, https:\/\/brasseursdupont.com\/wp-content\/uploads\/2025\/11\/Screenshot-2025-11-02-at-12.41.40-350x376.png 350w, https:\/\/brasseursdupont.com\/wp-content\/uploads\/2025\/11\/Screenshot-2025-11-02-at-12.41.40-420x451.png 420w\" sizes=\"auto, (max-width: 464px) 100vw, 464px\" \/><\/figure>\n\n\n\n<figure class=\"wp-block-image size-large\"><img loading=\"lazy\" decoding=\"async\" width=\"1024\" height=\"768\" data-id=\"1544\" src=\"https:\/\/brasseursdupont.com\/wp-content\/uploads\/2024\/01\/IMG_8919-1024x768.jpeg\" alt=\"\" class=\"wp-image-1544\" srcset=\"https:\/\/brasseursdupont.com\/wp-content\/uploads\/2024\/01\/IMG_8919-1024x768.jpeg 1024w, https:\/\/brasseursdupont.com\/wp-content\/uploads\/2024\/01\/IMG_8919-scaled-420x315.jpeg 420w, https:\/\/brasseursdupont.com\/wp-content\/uploads\/2024\/01\/IMG_8919-scaled-800x600.jpeg 800w, https:\/\/brasseursdupont.com\/wp-content\/uploads\/2024\/01\/IMG_8919-300x225.jpeg 300w, https:\/\/brasseursdupont.com\/wp-content\/uploads\/2024\/01\/IMG_8919-768x576.jpeg 768w, https:\/\/brasseursdupont.com\/wp-content\/uploads\/2024\/01\/IMG_8919-1536x1152.jpeg 1536w, https:\/\/brasseursdupont.com\/wp-content\/uploads\/2024\/01\/IMG_8919-2048x1536.jpeg 2048w, https:\/\/brasseursdupont.com\/wp-content\/uploads\/2024\/01\/IMG_8919-16x12.jpeg 16w, https:\/\/brasseursdupont.com\/wp-content\/uploads\/2024\/01\/IMG_8919-1000x750.jpeg 1000w, https:\/\/brasseursdupont.com\/wp-content\/uploads\/2024\/01\/IMG_8919-230x173.jpeg 230w, https:\/\/brasseursdupont.com\/wp-content\/uploads\/2024\/01\/IMG_8919-350x263.jpeg 350w, https:\/\/brasseursdupont.com\/wp-content\/uploads\/2024\/01\/IMG_8919-480x360.jpeg 480w\" sizes=\"auto, (max-width: 1024px) 100vw, 1024px\" \/><\/figure>\n<\/figure>\n","protected":false},"excerpt":{"rendered":"<p>Uniquely brewed on site, we offer a broad selection of small batch beers. Brewing what inspires us, from New England IPAs, to [&hellip;]<\/p>\n","protected":false},"author":1,"featured_media":0,"parent":0,"menu_order":0,"comment_status":"closed","ping_status":"closed","template":"","meta":{"nf_dc_page":"","_uf_show_specific_survey":0,"_uf_disable_surveys":false,"footnotes":""},"class_list":["post-2390","page","type-page","status-publish","hentry"],"_links":{"self":[{"href":"https:\/\/brasseursdupont.com\/en\/wp-json\/wp\/v2\/pages\/2390","targetHints":{"allow":["GET"]}}],"collection":[{"href":"https:\/\/brasseursdupont.com\/en\/wp-json\/wp\/v2\/pages"}],"about":[{"href":"https:\/\/brasseursdupont.com\/en\/wp-json\/wp\/v2\/types\/page"}],"author":[{"embeddable":true,"href":"https:\/\/brasseursdupont.com\/en\/wp-json\/wp\/v2\/users\/1"}],"replies":[{"embeddable":true,"href":"https:\/\/brasseursdupont.com\/en\/wp-json\/wp\/v2\/comments?post=2390"}],"version-history":[{"count":6,"href":"https:\/\/brasseursdupont.com\/en\/wp-json\/wp\/v2\/pages\/2390\/revisions"}],"predecessor-version":[{"id":3162,"href":"https:\/\/brasseursdupont.com\/en\/wp-json\/wp\/v2\/pages\/2390\/revisions\/3162"}],"wp:attachment":[{"href":"https:\/\/brasseursdupont.com\/en\/wp-json\/wp\/v2\/media?parent=2390"}],"curies":[{"name":"wp","href":"https:\/\/api.w.org\/{rel}","templated":true}]}}