{"id":1967,"date":"2024-03-09T14:26:13","date_gmt":"2024-03-09T14:26:13","guid":{"rendered":"https:\/\/brasseursdupont.com\/?page_id=1967"},"modified":"2026-04-04T09:37:22","modified_gmt":"2026-04-04T09:37:22","slug":"reserve-your-table","status":"publish","type":"page","link":"https:\/\/brasseursdupont.com\/en\/reserve-your-table\/","title":{"rendered":"Reserve your table &#8230;"},"content":{"rendered":"\n<p class=\"has-text-align-center\"><strong>Hungry? Thirsty?&nbsp;<\/strong>Reserve your table direct with us &#8230; once confirmed, we&#8217;ll send a quick note back (<strong><u>don&#8217;t forget to add Bonjour@BrasseursDuPont.com to your safe list, and check your spam folder for our reply<\/u><\/strong>). <\/p>\n\n\n\n<p class=\"has-text-align-center\">See you soon!<\/p>\n\n\n\n<p class=\"has-text-align-center\"><strong>Vous avez faim ? Vous avez soif ?&nbsp;<\/strong>R\u00e9servez votre table avec nous. Nous vous confirmerons par e-mail (<strong><u>n&#8217;oubliez pas d&#8217;ajouter Bonjour@BrasseursDuPont.com \u00e0 votre liste de contacts et v\u00e9rifiez vos &#8220;spams&#8221; pour voir si nous vous r\u00e9pondons<\/u><\/strong>). <\/p>\n\n\n\n<p class=\"has-text-align-center\">A bient\u00f4t !<\/p>\n\n\n\n<hr class=\"wp-block-separator has-alpha-channel-opacity\"\/>\n\n\n\n<figure class=\"wp-block-image aligncenter size-large\"><img loading=\"lazy\" decoding=\"async\" width=\"724\" height=\"1024\" src=\"https:\/\/brasseursdupont.com\/wp-content\/uploads\/2026\/03\/Navy-Blue-Modern-Coffee-Shop-Opening-Hours-Instagram-Story-20-724x1024.jpg\" alt=\"\" class=\"wp-image-3192\" srcset=\"https:\/\/brasseursdupont.com\/wp-content\/uploads\/2026\/03\/Navy-Blue-Modern-Coffee-Shop-Opening-Hours-Instagram-Story-20-724x1024.jpg 724w, https:\/\/brasseursdupont.com\/wp-content\/uploads\/2026\/03\/Navy-Blue-Modern-Coffee-Shop-Opening-Hours-Instagram-Story-20-212x300.jpg 212w, https:\/\/brasseursdupont.com\/wp-content\/uploads\/2026\/03\/Navy-Blue-Modern-Coffee-Shop-Opening-Hours-Instagram-Story-20-768x1086.jpg 768w, https:\/\/brasseursdupont.com\/wp-content\/uploads\/2026\/03\/Navy-Blue-Modern-Coffee-Shop-Opening-Hours-Instagram-Story-20-1086x1536.jpg 1086w, https:\/\/brasseursdupont.com\/wp-content\/uploads\/2026\/03\/Navy-Blue-Modern-Coffee-Shop-Opening-Hours-Instagram-Story-20-8x12.jpg 8w, https:\/\/brasseursdupont.com\/wp-content\/uploads\/2026\/03\/Navy-Blue-Modern-Coffee-Shop-Opening-Hours-Instagram-Story-20-1000x1414.jpg 1000w, https:\/\/brasseursdupont.com\/wp-content\/uploads\/2026\/03\/Navy-Blue-Modern-Coffee-Shop-Opening-Hours-Instagram-Story-20-230x325.jpg 230w, https:\/\/brasseursdupont.com\/wp-content\/uploads\/2026\/03\/Navy-Blue-Modern-Coffee-Shop-Opening-Hours-Instagram-Story-20-350x495.jpg 350w, https:\/\/brasseursdupont.com\/wp-content\/uploads\/2026\/03\/Navy-Blue-Modern-Coffee-Shop-Opening-Hours-Instagram-Story-20-480x679.jpg 480w, https:\/\/brasseursdupont.com\/wp-content\/uploads\/2026\/03\/Navy-Blue-Modern-Coffee-Shop-Opening-Hours-Instagram-Story-20-420x594.jpg 420w, https:\/\/brasseursdupont.com\/wp-content\/uploads\/2026\/03\/Navy-Blue-Modern-Coffee-Shop-Opening-Hours-Instagram-Story-20-800x1132.jpg 800w, https:\/\/brasseursdupont.com\/wp-content\/uploads\/2026\/03\/Navy-Blue-Modern-Coffee-Shop-Opening-Hours-Instagram-Story-20.jpg 1414w\" sizes=\"auto, (max-width: 724px) 100vw, 724px\" \/><\/figure>\n\n\n<style id=\"wpforms-css-vars-11\">\n\t\t\t\t#wpforms-11 {\n\t\t\t\t--wpforms-container-padding: 0px;\n--wpforms-container-border-width: 1px;\n--wpforms-container-border-radius: 3px;\n--wpforms-background-color: rgba(0, 0, 0, 0);\n--wpforms-field-size-input-height: 43px;\n--wpforms-field-size-input-spacing: 15px;\n--wpforms-field-size-font-size: 16px;\n--wpforms-field-size-line-height: 19px;\n--wpforms-field-size-padding-h: 14px;\n--wpforms-field-size-checkbox-size: 16px;\n--wpforms-field-size-sublabel-spacing: 5px;\n--wpforms-field-size-icon-size: 1;\n--wpforms-label-size-font-size: 16px;\n--wpforms-label-size-line-height: 19px;\n--wpforms-label-size-sublabel-font-size: 14px;\n--wpforms-label-size-sublabel-line-height: 17px;\n--wpforms-button-size-font-size: 17px;\n--wpforms-button-size-height: 41px;\n--wpforms-button-size-padding-h: 15px;\n--wpforms-button-size-margin-top: 10px;\n--wpforms-container-shadow-size-box-shadow: none;\n\t\t\t}\n\t\t\t<\/style><div class=\"wpforms-container wpforms-container-full wpforms-render-modern\" id=\"wpforms-11\"><form id=\"wpforms-form-11\" class=\"wpforms-validate wpforms-form wpforms-ajax-form\" data-formid=\"11\" method=\"post\" enctype=\"multipart\/form-data\" action=\"\/en\/wp-json\/wp\/v2\/pages\/1967\" data-token=\"60d50611750289da9195db952f2c5ac5\" data-token-time=\"1777028331\"><noscript class=\"wpforms-error-noscript\">Please enable JavaScript in your browser to complete this form.<\/noscript><div id=\"wpforms-error-noscript\" style=\"display: none;\">Please enable JavaScript in your browser to complete this form.<\/div><div class=\"wpforms-field-container\"><div id=\"wpforms-11-field_0-container\" class=\"wpforms-field wpforms-field-name\" data-field-id=\"0\"><fieldset><legend class=\"wpforms-field-label\">Name <span class=\"wpforms-required-label\" aria-hidden=\"true\">*<\/span><\/legend><div class=\"wpforms-field-row wpforms-field-medium\"><div class=\"wpforms-field-row-block wpforms-first wpforms-one-half\"><input type=\"text\" id=\"wpforms-11-field_0\" class=\"wpforms-field-name-first wpforms-field-required\" name=\"wpforms[fields][0][first]\" aria-errormessage=\"wpforms-11-field_0-error\" required><label for=\"wpforms-11-field_0\" class=\"wpforms-field-sublabel after\">First<\/label><\/div><div class=\"wpforms-field-row-block wpforms-one-half\"><input type=\"text\" id=\"wpforms-11-field_0-last\" class=\"wpforms-field-name-last wpforms-field-required\" name=\"wpforms[fields][0][last]\" aria-errormessage=\"wpforms-11-field_0-last-error\" required><label for=\"wpforms-11-field_0-last\" class=\"wpforms-field-sublabel after\">Last<\/label><\/div><\/div><\/fieldset><\/div><div id=\"wpforms-11-field_1-container\" class=\"wpforms-field wpforms-field-email\" data-field-id=\"1\"><label class=\"wpforms-field-label\" for=\"wpforms-11-field_1\">Email <span class=\"wpforms-required-label\" aria-hidden=\"true\">*<\/span><\/label><input type=\"email\" id=\"wpforms-11-field_1\" class=\"wpforms-field-medium wpforms-field-required\" name=\"wpforms[fields][1]\" spellcheck=\"false\" aria-errormessage=\"wpforms-11-field_1-error\" required><\/div><div id=\"wpforms-11-field_13-container\" class=\"wpforms-field wpforms-field-text\" data-field-id=\"13\"><label class=\"wpforms-field-label\" for=\"wpforms-11-field_13\">Date Jour \/ Mois \/\/ Day \/ Month <span class=\"wpforms-required-label\" aria-hidden=\"true\">*<\/span><\/label><input type=\"text\" id=\"wpforms-11-field_13\" class=\"wpforms-field-medium wpforms-field-required\" name=\"wpforms[fields][13]\" aria-errormessage=\"wpforms-11-field_13-error\" required><\/div><div id=\"wpforms-11-field_9-container\" class=\"wpforms-field wpforms-field-select wpforms-field-select-style-classic\" data-field-id=\"9\"><label class=\"wpforms-field-label\" for=\"wpforms-11-field_9\">Lunch or dinner \/\/ d\u00e9jeuner ou d\u00eener? <span class=\"wpforms-required-label\" aria-hidden=\"true\">*<\/span><\/label><select id=\"wpforms-11-field_9\" class=\"wpforms-field-medium wpforms-field-required\" name=\"wpforms[fields][9]\" required=\"required\"><option value=\"12:00h\"  class=\"choice-1 depth-1\"  >12:00h<\/option><option value=\"12:30h\"  class=\"choice-7 depth-1\"  >12:30h<\/option><option value=\"13:00h\"  class=\"choice-6 depth-1\"  >13:00h<\/option><option value=\"13:30h\"  class=\"choice-5 depth-1\"  >13:30h<\/option><option value=\"18:00h\"  class=\"choice-4 depth-1\"  >18:00h<\/option><option value=\"18:30h\"  class=\"choice-2 depth-1\"  >18:30h<\/option><option value=\"19:00h\"  class=\"choice-3 depth-1\"  >19:00h<\/option><option value=\"19:30h\"  class=\"choice-9 depth-1\"  >19:30h<\/option><option value=\"20:00h\"  class=\"choice-10 depth-1\"  >20:00h<\/option><option value=\"20:30h\"  class=\"choice-8 depth-1\"  >20:30h<\/option><\/select><\/div><div id=\"wpforms-11-field_3-container\" class=\"wpforms-field wpforms-field-number-slider\" data-field-id=\"3\"><label class=\"wpforms-field-label\" for=\"wpforms-11-field_3\">Number (max 6 people) \/\/ Nombre (max 6 personnes)<\/label>\n<input\n\ttype=\"range\"\n\tid=\"wpforms-11-field_3\" class=\"wpforms-field-medium\" name=\"wpforms[fields][3]\" value=\"1\" aria-errormessage=\"wpforms-11-field_3-error\"\t\tmin=\"1\"\n\tmax=\"6\"\n\tstep=\"1\">\n\n<div class=\"wpforms-field-number-slider-hint\"\n\tdata-hint=\"Selected Value: {value}\">\n\tSelected Value: <b>1<\/b><\/div>\n<\/div><\/div><!-- .wpforms-field-container --><div class=\"wpforms-submit-container\" ><input type=\"hidden\" name=\"wpforms[id]\" value=\"11\"><input type=\"hidden\" name=\"page_title\" value=\"\"><input type=\"hidden\" name=\"page_url\" value=\"https:\/\/brasseursdupont.com\/en\/wp-json\/wp\/v2\/pages\/1967\"><input type=\"hidden\" name=\"url_referer\" value=\"\"><button type=\"submit\" name=\"wpforms[submit]\" id=\"wpforms-submit-11\" class=\"wpforms-submit\" data-alt-text=\"Sending...\" data-submit-text=\"Submit\" aria-live=\"assertive\" value=\"wpforms-submit\">Submit<\/button><img loading=\"lazy\" decoding=\"async\" src=\"https:\/\/brasseursdupont.com\/wp-content\/plugins\/wpforms-lite\/assets\/images\/submit-spin.svg\" class=\"wpforms-submit-spinner\" style=\"display: none;\" width=\"26\" height=\"26\" alt=\"Loading\"><\/div><\/form><\/div>  <!-- .wpforms-container -->\n\n\n\n<hr class=\"wp-block-separator has-alpha-channel-opacity\"\/>\n\n\n\n<p class=\"has-text-align-center\"><strong>For reservations with 6+ people, please call or email us. We love larger groups but will kindly ask for a pre-order.<\/strong><\/p>\n\n\n\n<p class=\"has-text-align-center\"><strong>Pour les r\u00e9servations de plus de 6 personnes, veuillez nous appeler ou nous envoyer un courriel. Nous aimons les groupes plus nombreux, mais nous vous demanderons de passer une commande \u00e0 l&#8217;avance.<\/strong><\/p>\n\n\n\n<p class=\"has-text-align-center\">Please kindly note: reservations are held for 30 minutes from your reservation time. After this time, your reservation &amp; table will be cancelled.<\/p>\n\n\n\n<p class=\"has-text-align-center\">Veuillez noter que les r\u00e9servations sont maintenues pendant 30 minutes \u00e0 partir de l&#8217;heure de r\u00e9servation. Pass\u00e9 ce d\u00e9lai, votre r\u00e9servation et votre table seront annul\u00e9es.<\/p>\n\n\n\n<p class=\"has-text-align-center\"><div class=\"_df_book df-lite\" id=\"df_3103\"  _slug=\"\" data-title=\"bdp-menu\" wpoptions=\"true\" thumb=\"https:\/\/brasseursdupont.com\/wp-content\/uploads\/2024\/01\/IMG_8919-scaled.jpeg\" thumbtype=\"\" ><\/div><script class=\"df-shortcode-script\" nowprocket type=\"application\/javascript\">window.option_df_3103 = {\"outline\":[],\"autoEnableOutline\":\"false\",\"autoEnableThumbnail\":\"false\",\"overwritePDFOutline\":\"false\",\"backgroundImage\":\"https:\\\/\\\/brasseursdupont.com\\\/wp-content\\\/uploads\\\/2024\\\/01\\\/cropped-IMG_8919-scaled-1.jpeg\",\"direction\":\"1\",\"pageSize\":\"0\",\"source\":\"https:\\\/\\\/brasseursdupont.com\\\/wp-content\\\/uploads\\\/2025\\\/10\\\/Simple-Food-Menu-210.pdf\",\"wpOptions\":\"true\"}; if(window.DFLIP && window.DFLIP.parseBooks){window.DFLIP.parseBooks();}<\/script><\/p>\n","protected":false},"excerpt":{"rendered":"<p>Hungry? Thirsty?&nbsp;Reserve your table direct with us &#8230; once confirmed, we&#8217;ll send a quick note back (don&#8217;t forget to add Bonjour@BrasseursDuPont.com to [&hellip;]<\/p>\n","protected":false},"author":1,"featured_media":0,"parent":0,"menu_order":0,"comment_status":"closed","ping_status":"closed","template":"","meta":{"nf_dc_page":"","_uf_show_specific_survey":0,"_uf_disable_surveys":false,"footnotes":""},"class_list":["post-1967","page","type-page","status-publish","hentry"],"_links":{"self":[{"href":"https:\/\/brasseursdupont.com\/en\/wp-json\/wp\/v2\/pages\/1967","targetHints":{"allow":["GET"]}}],"collection":[{"href":"https:\/\/brasseursdupont.com\/en\/wp-json\/wp\/v2\/pages"}],"about":[{"href":"https:\/\/brasseursdupont.com\/en\/wp-json\/wp\/v2\/types\/page"}],"author":[{"embeddable":true,"href":"https:\/\/brasseursdupont.com\/en\/wp-json\/wp\/v2\/users\/1"}],"replies":[{"embeddable":true,"href":"https:\/\/brasseursdupont.com\/en\/wp-json\/wp\/v2\/comments?post=1967"}],"version-history":[{"count":20,"href":"https:\/\/brasseursdupont.com\/en\/wp-json\/wp\/v2\/pages\/1967\/revisions"}],"predecessor-version":[{"id":3202,"href":"https:\/\/brasseursdupont.com\/en\/wp-json\/wp\/v2\/pages\/1967\/revisions\/3202"}],"wp:attachment":[{"href":"https:\/\/brasseursdupont.com\/en\/wp-json\/wp\/v2\/media?parent=1967"}],"curies":[{"name":"wp","href":"https:\/\/api.w.org\/{rel}","templated":true}]}}